{"id":416,"date":"2024-03-08T12:24:28","date_gmt":"2024-03-08T12:24:28","guid":{"rendered":"https:\/\/myharmony.ai\/?page_id=416"},"modified":"2025-06-08T23:48:12","modified_gmt":"2025-06-08T23:48:12","slug":"dotacje","status":"publish","type":"page","link":"https:\/\/myharmony.ai\/pl\/dotacje\/","title":{"rendered":"Dotacje"},"content":{"rendered":"\n<div class=\"wp-block-stackable-text stk-block-text stk-block stk-9627f2d\" data-block-id=\"9627f2d\"><p class=\"stk-block-text__text\"><strong>Harmony Sp z o. o.<\/strong> realizuje projekt pod tytu\u0142em \u201eMyHarmony\u201d obj\u0119ty dofinansowaniem z Funduszy Europejskich w ramach Programu Operacyjnego Polska Wschodnia 2014-2020.<\/p><\/div>\n\n\n\n<div class=\"wp-block-stackable-text stk-block-text stk-block stk-5be0ff0\" data-block-id=\"5be0ff0\"><p class=\"stk-block-text__text\">Celem projektu jest opracowanie i\u00a0 komercjalizacja systemu informatycznego MyHarmony wspieraj\u0105cego leczenie depresji. Planowanym efektem projektu jest aplikacja mobilna MyHarmony przeznaczona dla pacjent\u00f3w oraz panel terapeuty wspieraj\u0105cy planowanie terapii.<\/p><\/div>\n\n\n\n<p><strong>Warto\u015b\u0107 dofinansowania projektu z UE<\/strong>: 916 683.85 z\u0142otych. Ca\u0142kowita warto\u015b\u0107 projektu wynosi 1 188 621.59 z\u0142otych.<\/p>\n\n\n\n<p><\/p>\n\n\n\n<p><\/p>\n\n\n\n<div class=\"wp-block-stackable-image stk-block-image has-text-align-left stk-block stk-22c1c21\" data-block-id=\"22c1c21\"><style>.stk-22c1c21 .stk-img-wrapper{width:50% !important;}@media screen and (max-width:689px){.stk-22c1c21 .stk-img-wrapper{width:100% !important;}}<\/style><figure><span class=\"stk-img-wrapper stk-image--shape-stretch\"><img loading=\"lazy\" decoding=\"async\" class=\"stk-img wp-image-417\" src=\"http:\/\/myharmony.ai\/wp-content\/uploads\/2024\/03\/FE_POPW_poziom_pl-1_rgb.png\" width=\"5426\" height=\"756\" srcset=\"https:\/\/myharmony.ai\/wp-content\/uploads\/2024\/03\/FE_POPW_poziom_pl-1_rgb.png 5426w, https:\/\/myharmony.ai\/wp-content\/uploads\/2024\/03\/FE_POPW_poziom_pl-1_rgb-300x42.png 300w, https:\/\/myharmony.ai\/wp-content\/uploads\/2024\/03\/FE_POPW_poziom_pl-1_rgb-1024x143.png 1024w, https:\/\/myharmony.ai\/wp-content\/uploads\/2024\/03\/FE_POPW_poziom_pl-1_rgb-768x107.png 768w, https:\/\/myharmony.ai\/wp-content\/uploads\/2024\/03\/FE_POPW_poziom_pl-1_rgb-1536x214.png 1536w, https:\/\/myharmony.ai\/wp-content\/uploads\/2024\/03\/FE_POPW_poziom_pl-1_rgb-2048x285.png 2048w\" sizes=\"auto, (max-width: 5426px) 100vw, 5426px\" \/><\/span><\/figure><\/div>\n","protected":false},"excerpt":{"rendered":"<p>Harmony Sp z o. o. realizuje projekt pod tytu\u0142em \u201eMyHarmony\u201d obj\u0119ty dofinansowaniem z Funduszy Europejskich w ramach Programu Operacyjnego Polska Wschodnia 2014-2020. Celem projektu jest opracowanie i\u00a0 komercjalizacja systemu informatycznego MyHarmony wspieraj\u0105cego leczenie depresji. Planowanym efektem projektu jest aplikacja mobilna MyHarmony przeznaczona dla pacjent\u00f3w oraz panel terapeuty wspieraj\u0105cy planowanie terapii. Warto\u015b\u0107 dofinansowania projektu z UE: [&hellip;]<\/p>\n","protected":false},"author":1,"featured_media":0,"parent":0,"menu_order":0,"comment_status":"closed","ping_status":"closed","template":"","meta":{"footnotes":""},"class_list":["post-416","page","type-page","status-publish","hentry"],"blocksy_meta":[],"_links":{"self":[{"href":"https:\/\/myharmony.ai\/pl\/wp-json\/wp\/v2\/pages\/416","targetHints":{"allow":["GET"]}}],"collection":[{"href":"https:\/\/myharmony.ai\/pl\/wp-json\/wp\/v2\/pages"}],"about":[{"href":"https:\/\/myharmony.ai\/pl\/wp-json\/wp\/v2\/types\/page"}],"author":[{"embeddable":true,"href":"https:\/\/myharmony.ai\/pl\/wp-json\/wp\/v2\/users\/1"}],"replies":[{"embeddable":true,"href":"https:\/\/myharmony.ai\/pl\/wp-json\/wp\/v2\/comments?post=416"}],"version-history":[{"count":8,"href":"https:\/\/myharmony.ai\/pl\/wp-json\/wp\/v2\/pages\/416\/revisions"}],"predecessor-version":[{"id":467,"href":"https:\/\/myharmony.ai\/pl\/wp-json\/wp\/v2\/pages\/416\/revisions\/467"}],"wp:attachment":[{"href":"https:\/\/myharmony.ai\/pl\/wp-json\/wp\/v2\/media?parent=416"}],"curies":[{"name":"wp","href":"https:\/\/api.w.org\/{rel}","templated":true}]}}